{"id":527,"date":"2022-06-30T15:22:03","date_gmt":"2022-06-30T13:22:03","guid":{"rendered":"https:\/\/gipsyplonge.debonmatin.info\/?post_type=product&#038;p=527"},"modified":"2022-07-19T09:33:09","modified_gmt":"2022-07-19T07:33:09","slug":"niveau-1-copy","status":"publish","type":"product","link":"https:\/\/plongee-vip.fr\/en\/product\/niveau-1-copy\/","title":{"rendered":"GUIDE DE PALANQUEE"},"content":{"rendered":"<p>C&#8217;est le premier niveau d&#8217;encadrement !<\/p>\n<p>&nbsp;<\/p>\n<p>Vous pourrez :<\/p>\n<p>&#8211; Etre le Guide de plongeurs jusqu&#8217;\u00e0 40M<\/p>\n<p>&#8211; Faire passer des bapt\u00eames en piscine.<\/p>\n<p>&nbsp;<\/p>\n<p><strong>3 \u00e9tapes :<\/strong><br \/>\n<strong>1 &#8211; Stage pr\u00e9paratoire :<\/strong> <strong>1500 euros<\/strong><\/p>\n<p>(12h de th\u00e9orie, 10h de pratique)<\/p>\n<p>&nbsp;<\/p>\n<p><strong>2 &#8211; Accompagnement jusqu&#8217;au stage final : sur devis<\/strong><\/p>\n<p>&nbsp;<\/p>\n<p><strong>3 &#8211; Stage Final : 1200 euros<\/strong><\/p>\n<p>(1 semaine \u00e0 pr\u00e9voir en milieu naturel)<\/p>\n<p>&nbsp;<\/p>\n<p><strong>Pr\u00e9-requis :<\/strong><\/p>\n<p>21 ans<\/p>\n<p class=\"font_9\"><span class=\"color_15\">60 plong\u00e9es en milieu naturel.<\/span><\/p>\n<p>Avoir valid\u00e9 15 plong\u00e9es en autonomie dont 10 \u00e0 une profondeur sup\u00e9rieure \u00e0 30m depuis l&#8217;obtention du PA40 ou Niveau 3.<\/p>\n<p>Poss\u00e9der un dipl\u00f4me de secourisme international \u00e0 jour (non compris dans ce forfait).<\/p>\n","protected":false},"excerpt":{"rendered":"<p>C&#8217;est le premier niveau d&#8217;encadrement ! &nbsp; Vous pourrez : &#8211; Etre le Guide de plongeurs jusqu&#8217;\u00e0 40M &#8211; Faire passer des bapt\u00eames en piscine. &nbsp; 3 \u00e9tapes : 1 &#8211; Stage pr\u00e9paratoire : 1500 euros (12h de th\u00e9orie, 10h de pratique) &nbsp; 2 &#8211;&#8230;<\/p>\n","protected":false},"featured_media":908,"template":"","meta":[],"product_cat":[25,35],"product_tag":[],"class_list":{"0":"post-527","1":"product","2":"type-product","3":"status-publish","4":"has-post-thumbnail","6":"product_cat-cursus-francais","7":"product_cat-devis","9":"first","10":"instock","11":"virtual","12":"product-type-simple"},"jetpack_sharing_enabled":true,"_links":{"self":[{"href":"https:\/\/plongee-vip.fr\/en\/wp-json\/wp\/v2\/product\/527","targetHints":{"allow":["GET"]}}],"collection":[{"href":"https:\/\/plongee-vip.fr\/en\/wp-json\/wp\/v2\/product"}],"about":[{"href":"https:\/\/plongee-vip.fr\/en\/wp-json\/wp\/v2\/types\/product"}],"wp:featuredmedia":[{"embeddable":true,"href":"https:\/\/plongee-vip.fr\/en\/wp-json\/wp\/v2\/media\/908"}],"wp:attachment":[{"href":"https:\/\/plongee-vip.fr\/en\/wp-json\/wp\/v2\/media?parent=527"}],"wp:term":[{"taxonomy":"product_cat","embeddable":true,"href":"https:\/\/plongee-vip.fr\/en\/wp-json\/wp\/v2\/product_cat?post=527"},{"taxonomy":"product_tag","embeddable":true,"href":"https:\/\/plongee-vip.fr\/en\/wp-json\/wp\/v2\/product_tag?post=527"}],"curies":[{"name":"wp","href":"https:\/\/api.w.org\/{rel}","templated":true}]}}