{"id":544,"date":"2022-06-30T19:04:13","date_gmt":"2022-06-30T17:04:13","guid":{"rendered":"https:\/\/gipsyplonge.debonmatin.info\/?post_type=product&#038;p=544"},"modified":"2022-07-19T09:23:25","modified_gmt":"2022-07-19T07:23:25","slug":"encadrants","status":"publish","type":"product","link":"https:\/\/plongee-vip.fr\/en\/product\/encadrants\/","title":{"rendered":"ENCADRANTS"},"content":{"rendered":"<p><strong>Activit\u00e9s B\u00e9n\u00e9voles : E1 &#8211; E2 &#8211; MF1 &#8211; MF2<\/strong><br \/>\n<strong>Professionnel(le)s : BPJEPS &#8211; DEJEPS (dipl\u00f4mes d&#8217;\u00e9tat)<\/strong><\/p>\n<p>&nbsp;<\/p>\n<p>Inscrivez-vous \u00e0 ce cours pour devenir moniteur de plong\u00e9e b\u00e9n\u00e9vole ou professionnel.<\/p>\n<p>&nbsp;<\/p>\n<p>Transmettre sa Passion est un art.<br \/>\nLa p\u00e9dagogie est ax\u00e9e sur la transmission de comp\u00e9tences et de connaissances de mani\u00e8re progressive et adapt\u00e9e \u00e0 vos futurs \u00e9l\u00e8ves.<\/p>\n<p>&nbsp;<\/p>\n<p>Au cours de votre apprentissage, vous travaillerez avec de v\u00e9ritables \u00e9l\u00e8ves en formation.<\/p>\n<p>&nbsp;<\/p>\n<p><strong>Pr\u00e9-requis :<\/strong><\/p>\n<p>Selon la certification pr\u00e9par\u00e9e, ils vous seront expliqu\u00e9s au moment de votre prise de renseignements.<\/p>\n","protected":false},"excerpt":{"rendered":"<p>Activit\u00e9s B\u00e9n\u00e9voles : E1 &#8211; E2 &#8211; MF1 &#8211; MF2 Professionnel(le)s : BPJEPS &#8211; DEJEPS (dipl\u00f4mes d&#8217;\u00e9tat) &nbsp; Inscrivez-vous \u00e0 ce cours pour devenir moniteur de plong\u00e9e b\u00e9n\u00e9vole ou professionnel. &nbsp; Transmettre sa Passion est un art. La p\u00e9dagogie est ax\u00e9e sur la transmission de&#8230;<\/p>\n","protected":false},"featured_media":899,"template":"","meta":[],"product_cat":[25,35],"product_tag":[],"class_list":{"0":"post-544","1":"product","2":"type-product","3":"status-publish","4":"has-post-thumbnail","6":"product_cat-cursus-francais","7":"product_cat-devis","9":"first","10":"instock","11":"virtual","12":"product-type-simple"},"jetpack_sharing_enabled":true,"_links":{"self":[{"href":"https:\/\/plongee-vip.fr\/en\/wp-json\/wp\/v2\/product\/544","targetHints":{"allow":["GET"]}}],"collection":[{"href":"https:\/\/plongee-vip.fr\/en\/wp-json\/wp\/v2\/product"}],"about":[{"href":"https:\/\/plongee-vip.fr\/en\/wp-json\/wp\/v2\/types\/product"}],"wp:featuredmedia":[{"embeddable":true,"href":"https:\/\/plongee-vip.fr\/en\/wp-json\/wp\/v2\/media\/899"}],"wp:attachment":[{"href":"https:\/\/plongee-vip.fr\/en\/wp-json\/wp\/v2\/media?parent=544"}],"wp:term":[{"taxonomy":"product_cat","embeddable":true,"href":"https:\/\/plongee-vip.fr\/en\/wp-json\/wp\/v2\/product_cat?post=544"},{"taxonomy":"product_tag","embeddable":true,"href":"https:\/\/plongee-vip.fr\/en\/wp-json\/wp\/v2\/product_tag?post=544"}],"curies":[{"name":"wp","href":"https:\/\/api.w.org\/{rel}","templated":true}]}}