{"id":726,"date":"2022-07-07T09:58:13","date_gmt":"2022-07-07T07:58:13","guid":{"rendered":"https:\/\/plongee-vip.fr\/?post_type=product&#038;p=726"},"modified":"2022-07-19T09:30:45","modified_gmt":"2022-07-19T07:30:45","slug":"instructeur","status":"publish","type":"product","link":"https:\/\/plongee-vip.fr\/en\/product\/instructeur\/","title":{"rendered":"INSTRUCTEUR"},"content":{"rendered":"<p class=\"font_9\">Le graal !<br \/>\nEnseignez et transmettez votre passion \u00e0 travers le monde contre r\u00e9mun\u00e9ration.<br \/>\n(sauf en France o\u00f9 un dipl\u00f4me d&#8217;\u00e9tat est exig\u00e9)<\/p>\n<p>&nbsp;<\/p>\n<p>Formation : \u00e0 la carte en fosse et milieu naturel.<\/p>\n<p><strong>Possibilit\u00e9 de combiner cette formation avec l&#8217;assistant instructeur pour 400 euros de plus.<\/strong><\/p>\n<p>&nbsp;<\/p>\n<p><span class=\"color_15\">(pr\u00e9voir un co\u00fbt suppl\u00e9mentaire pour votre validation en milieu naturel lors d&#8217;une sortie organis\u00e9e)<\/span><\/p>\n<p>&nbsp;<\/p>\n<p><strong> Pr\u00e9-requis :<\/strong><\/p>\n<p>21 ans<\/p>\n<p class=\"font_9\"><span class=\"color_15\">60 plong\u00e9es en milieu naturel sont obligatoires avec l&#8217;assistant Instructeur.<\/span><\/p>\n<p>Avoir 1 an d&#8217;exp\u00e9rience, en tant que plongeur, par sp\u00e9cialit\u00e9s qui seront enseign\u00e9es.<\/p>\n<p>Poss\u00e9der un dipl\u00f4me de secourisme international \u00e0 jour (non compris dans ce forfait).<\/p>\n","protected":false},"excerpt":{"rendered":"<p>Le graal ! Enseignez et transmettez votre passion \u00e0 travers le monde contre r\u00e9mun\u00e9ration. (sauf en France o\u00f9 un dipl\u00f4me d&#8217;\u00e9tat est exig\u00e9) &nbsp; Formation : \u00e0 la carte en fosse et milieu naturel. Possibilit\u00e9 de combiner cette formation avec l&#8217;assistant instructeur pour 400 euros&#8230;<\/p>\n","protected":false},"featured_media":876,"template":"","meta":[],"product_cat":[26,35],"product_tag":[],"class_list":{"0":"post-726","1":"product","2":"type-product","3":"status-publish","4":"has-post-thumbnail","6":"product_cat-cursus-international","7":"product_cat-devis","9":"first","10":"instock","11":"virtual","12":"purchasable","13":"product-type-simple"},"jetpack_sharing_enabled":true,"_links":{"self":[{"href":"https:\/\/plongee-vip.fr\/en\/wp-json\/wp\/v2\/product\/726","targetHints":{"allow":["GET"]}}],"collection":[{"href":"https:\/\/plongee-vip.fr\/en\/wp-json\/wp\/v2\/product"}],"about":[{"href":"https:\/\/plongee-vip.fr\/en\/wp-json\/wp\/v2\/types\/product"}],"wp:featuredmedia":[{"embeddable":true,"href":"https:\/\/plongee-vip.fr\/en\/wp-json\/wp\/v2\/media\/876"}],"wp:attachment":[{"href":"https:\/\/plongee-vip.fr\/en\/wp-json\/wp\/v2\/media?parent=726"}],"wp:term":[{"taxonomy":"product_cat","embeddable":true,"href":"https:\/\/plongee-vip.fr\/en\/wp-json\/wp\/v2\/product_cat?post=726"},{"taxonomy":"product_tag","embeddable":true,"href":"https:\/\/plongee-vip.fr\/en\/wp-json\/wp\/v2\/product_tag?post=726"}],"curies":[{"name":"wp","href":"https:\/\/api.w.org\/{rel}","templated":true}]}}